{"id":21,"date":"2023-09-28T12:01:51","date_gmt":"2023-09-28T12:01:51","guid":{"rendered":"https:\/\/indrive.pl\/?page_id=21"},"modified":"2025-01-03T06:06:21","modified_gmt":"2025-01-03T06:06:21","slug":"oferta","status":"publish","type":"page","link":"https:\/\/indrive.pl\/?page_id=21","title":{"rendered":"OFERTA"},"content":{"rendered":"\t\t<div data-elementor-type=\"wp-page\" data-elementor-id=\"21\" class=\"elementor elementor-21\" data-elementor-post-type=\"page\">\n\t\t\t\t<div class=\"elementor-element elementor-element-6dc34cc e-con-full e-flex e-con e-parent\" data-id=\"6dc34cc\" data-element_type=\"container\" data-settings=\"{&quot;background_background&quot;:&quot;classic&quot;}\">\n\t\t<div class=\"elementor-element elementor-element-9ab81c1 e-con-full e-flex e-con e-child\" data-id=\"9ab81c1\" data-element_type=\"container\">\n\t\t\t\t<div class=\"elementor-element elementor-element-cb23d5f elementor-widget elementor-widget-text-editor\" data-id=\"cb23d5f\" data-element_type=\"widget\" data-widget_type=\"text-editor.default\">\n\t\t\t\t<div class=\"elementor-widget-container\">\n\t\t\t\t\t\t\t\t\t<p><img decoding=\"async\" class=\"alignnone wp-image-87\" src=\"https:\/\/indrive.pl\/wp-content\/uploads\/2023\/09\/ico_1_new-150x150.png\" alt=\"\" width=\"100\" height=\"100\" srcset=\"https:\/\/indrive.pl\/wp-content\/uploads\/2023\/09\/ico_1_new-150x150.png 150w, https:\/\/indrive.pl\/wp-content\/uploads\/2023\/09\/ico_1_new.png 249w\" sizes=\"(max-width: 100px) 100vw, 100px\" \/> <strong>PROGRAM OPTYMALIZACJI FLOTY<\/strong><\/p>\t\t\t\t\t\t\t\t<\/div>\n\t\t\t\t<\/div>\n\t\t\t\t<div class=\"elementor-element elementor-element-6e13f47 animated-slow elementor-invisible elementor-widget elementor-widget-text-editor\" data-id=\"6e13f47\" data-element_type=\"widget\" data-settings=\"{&quot;_animation&quot;:&quot;fadeIn&quot;}\" data-widget_type=\"text-editor.default\">\n\t\t\t\t<div class=\"elementor-widget-container\">\n\t\t\t\t\t\t\t\t\t<p>Nowoczesne technologie oraz odpowiednia analiza parametr\u00f3w jazdy dostarczanych przez zainstalowane w pojazdach urz\u0105dzenia pozwala obni\u017ca\u0107 spalanie i emisj\u0119 CO2 Twojej floty.<\/p>\n<p>Przeprowadzimy jej audyt, przeszkolimy Twoich kierowc\u00f3w, wesprzemy ich w procesie eliminowania z\u0142ych nawyk\u00f3w.<\/p>\n<p>Zorganizujemy dla nich program motywacyjny nagradzaj\u0105c ich zaanga\u017cowanie.<\/p>\n<p>To wszystko mo\u017cesz sfinansowa\u0107 z uzyskiwanych oszcz\u0119dno\u015bci \u2013<strong>&nbsp;bez uruchamiania dodatkowych \u015brodk\u00f3w finansowych!<\/strong><\/p>\n<p>Budujemy d\u0142ugofalowe relacje z Twoj\u0105 firm\u0105 i Twoimi kierowcami.<\/p>\t\t\t\t\t\t\t\t<\/div>\n\t\t\t\t<\/div>\n\t\t\t\t<div class=\"elementor-element elementor-element-e4c403d elementor-widget elementor-widget-menu-anchor\" data-id=\"e4c403d\" data-element_type=\"widget\" data-widget_type=\"menu-anchor.default\">\n\t\t\t\t<div class=\"elementor-widget-container\">\n\t\t\t\t\t\t\t<div class=\"elementor-menu-anchor\" id=\"szkolenia\"><\/div>\n\t\t\t\t\t\t<\/div>\n\t\t\t\t<\/div>\n\t\t\t\t<div class=\"elementor-element elementor-element-9bbd396 elementor-widget elementor-widget-text-editor\" data-id=\"9bbd396\" data-element_type=\"widget\" data-widget_type=\"text-editor.default\">\n\t\t\t\t<div class=\"elementor-widget-container\">\n\t\t\t\t\t\t\t\t\t<p><img decoding=\"async\" class=\"alignnone wp-image-97\" src=\"https:\/\/indrive.pl\/wp-content\/uploads\/2023\/09\/ico_2_new.svg\" alt=\"\" width=\"100\" height=\"100\" \/><strong> SZKOLENIA KIEROWC\u00d3W<\/strong><\/p>\t\t\t\t\t\t\t\t<\/div>\n\t\t\t\t<\/div>\n\t\t\t\t<div class=\"elementor-element elementor-element-9a8081f animated-slow elementor-invisible elementor-widget elementor-widget-text-editor\" data-id=\"9a8081f\" data-element_type=\"widget\" data-settings=\"{&quot;_animation&quot;:&quot;fadeIn&quot;}\" data-widget_type=\"text-editor.default\">\n\t\t\t\t<div class=\"elementor-widget-container\">\n\t\t\t\t\t\t\t\t\t<p>Wiemy jak istotny jest w firmie kapita\u0142 ludzki. Poka\u017cemy Twoim kierowcom jak optymalnie i bezpiecznie porusza\u0107 si\u0119 w drogowej d\u017cungli. Zorganizujemy im ekstremalne warunki drogowe. Wyposa\u017cymy ich w umiej\u0119tno\u015bci, kt\u00f3re wspomog\u0105 ich w d\u0105\u017ceniu do bycia lepszymi kierowcami. Sprawimy, \u017ce b\u0119d\u0105 wiedzieli jak nie doprowadzi\u0107 do po\u015blizgu i zachowa\u0107 si\u0119 w razie jego wyst\u0105pienia. Wyznaczymy indywidualne granice przyczepno\u015bci i pr\u0119dko\u015bci bezpiecznej z wykorzystaniem nowoczesnej infrastruktury Centr\u00f3w Bezpiecznej Jazdy. Zaprezentujemy jak zmienna przyczepno\u015b\u0107 i przewo\u017cony \u0142adunek wp\u0142ywaj\u0105 na drog\u0119 hamowania. Na zako\u0144czenie posadzimy ich za kierownic\u0105 jadowitych potwor\u00f3w albo profesjonalnych gokart\u00f3w organizuj\u0105c wewn\u0119trzne GRAND PRIX.<\/p><p>Tak przeprowadzony <strong>TEAM BUILDING<\/strong>\u00a0zwi\u0119kszy motywacj\u0119 w osi\u0105gni\u0119ciu trwa\u0142ej zmiany w Twojej firmie oraz zwi\u0119kszy bezpiecze\u0144stwo Twoich kierowc\u00f3w w codziennej je\u017adzie.<\/p>\t\t\t\t\t\t\t\t<\/div>\n\t\t\t\t<\/div>\n\t\t\t\t<div class=\"elementor-element elementor-element-67334d8 elementor-widget elementor-widget-menu-anchor\" data-id=\"67334d8\" data-element_type=\"widget\" data-widget_type=\"menu-anchor.default\">\n\t\t\t\t<div class=\"elementor-widget-container\">\n\t\t\t\t\t\t\t<div class=\"elementor-menu-anchor\" id=\"monitoring\"><\/div>\n\t\t\t\t\t\t<\/div>\n\t\t\t\t<\/div>\n\t\t\t\t<div class=\"elementor-element elementor-element-f74d7d8 elementor-widget elementor-widget-text-editor\" data-id=\"f74d7d8\" data-element_type=\"widget\" data-widget_type=\"text-editor.default\">\n\t\t\t\t<div class=\"elementor-widget-container\">\n\t\t\t\t\t\t\t\t\t<p><img decoding=\"async\" class=\"alignnone wp-image-98\" src=\"https:\/\/indrive.pl\/wp-content\/uploads\/2023\/09\/ico_3_new.svg\" alt=\"\" width=\"100\" height=\"100\" \/><strong> RAPORTOWANIE ESG<\/strong><\/p>\t\t\t\t\t\t\t\t<\/div>\n\t\t\t\t<\/div>\n\t\t\t\t<div class=\"elementor-element elementor-element-084aee2 animated-slow elementor-invisible elementor-widget elementor-widget-text-editor\" data-id=\"084aee2\" data-element_type=\"widget\" data-settings=\"{&quot;_animation&quot;:&quot;fadeIn&quot;}\" data-widget_type=\"text-editor.default\">\n\t\t\t\t<div class=\"elementor-widget-container\">\n\t\t\t\t\t\t\t\t\t<p>Przygotujemy Twoj\u0105 firm\u0119 do obowi\u0105zkowego raportowania dzia\u0142a\u0144 na rzecz zr\u00f3wnowa\u017conego rozwoju zgodnie z wymaganiami dyrektywy Parlamentu Europejskiego i Rady UE 2022\/2464 CSRD oraz standard\u00f3w sprawozdawczo\u015bci ESRS obowi\u0105zuj\u0105cych od 2024 roku.\u00a0 \u00a0<\/p><p>Dyrektywa CSRD jest jednym z narz\u0119dzi wykorzystywanych przez Uni\u0119 Europejsk\u0105 w zwi\u0105zku z przyj\u0119ciem Europejskiego Zielonego \u0141adu i ma zapewni\u0107 transparentno\u015b\u0107 w zakresie zr\u00f3wnowa\u017conego rozwoju. Standard raportowania ESG (Environmental, Social, Governance) zak\u0142ada wi\u0119ksz\u0105 \u015bwiadomo\u015b\u0107 przedsi\u0119biorstw w odniesieniu na wp\u0142yw jaki wywiera ono na otoczenie. Zak\u0142ada on konieczno\u015b\u0107 stosowania wysokich standard\u00f3w zarz\u0105dzania i kontroli, celem zapewnienia transparentno\u015bci i odpowiedzialno\u015bci.<\/p><p>W \u015bwietle wdro\u017conej dyrektywy przedsi\u0119biorstwa zobligowane zosta\u0142y do ujawniania informacji w przedmiocie istniej\u0105cych zagro\u017ce\u0144 oraz podejmowania dzia\u0142a\u0144 nad ich niwelowaniem.<\/p><p>Pomagamy opracowa\u0107 strategi\u0119 zr\u00f3wnowa\u017conego rozwoju w obszarze transportu, dostarczaj\u0105c narz\u0119dzie do pozyskania i analizowania danych eksploatacyjnych oraz \u015bladu w\u0119glowego Twojej floty. Wdro\u017cenie i realizacja strategii dostarczy efektywnych wska\u017anik\u00f3w potwierdzaj\u0105cych wywi\u0105zywanie si\u0119 przedsi\u0119biorstwa z na\u0142o\u017conych obowi\u0105zk\u00f3w, zwi\u0119kszaj\u0105c zaufanie interesariuszy.\u00a0<\/p><p>\u00a0<\/p>\t\t\t\t\t\t\t\t<\/div>\n\t\t\t\t<\/div>\n\t\t\t\t<div class=\"elementor-element elementor-element-58fe0b0 elementor-widget elementor-widget-menu-anchor\" data-id=\"58fe0b0\" data-element_type=\"widget\" data-widget_type=\"menu-anchor.default\">\n\t\t\t\t<div class=\"elementor-widget-container\">\n\t\t\t\t\t\t\t<div class=\"elementor-menu-anchor\" id=\"strategie\"><\/div>\n\t\t\t\t\t\t<\/div>\n\t\t\t\t<\/div>\n\t\t\t\t<div class=\"elementor-element elementor-element-9004174 elementor-widget elementor-widget-text-editor\" data-id=\"9004174\" data-element_type=\"widget\" data-widget_type=\"text-editor.default\">\n\t\t\t\t<div class=\"elementor-widget-container\">\n\t\t\t\t\t\t\t\t\t<p><img loading=\"lazy\" decoding=\"async\" class=\"alignnone wp-image-99\" src=\"https:\/\/indrive.pl\/wp-content\/uploads\/2023\/09\/ico_4_new.svg\" alt=\"\" width=\"100\" height=\"100\" \/><strong>STRATEGIE CSR<\/strong><\/p>\t\t\t\t\t\t\t\t<\/div>\n\t\t\t\t<\/div>\n\t\t\t\t<div class=\"elementor-element elementor-element-ebd1acf animated-slow elementor-invisible elementor-widget elementor-widget-text-editor\" data-id=\"ebd1acf\" data-element_type=\"widget\" data-settings=\"{&quot;_animation&quot;:&quot;fadeIn&quot;}\" data-widget_type=\"text-editor.default\">\n\t\t\t\t<div class=\"elementor-widget-container\">\n\t\t\t\t\t\t\t\t\t<p class=\"font_7 wixui-rich-text__text\"><span class=\"wixui-rich-text__text\">Biznes Spo\u0142ecznie Odpowiedzialny (ang. CSR &#8211; Corporate Social Responsibility) to strategia zarz\u0105dzania przedsi\u0119biorstwem, w kt\u00f3rej w procesy marketingowe wplata si\u0119 interesy spo\u0142eczne albo aspekty \u015brodowiskowe. Bycie spo\u0142ecznie odpowiedzialnym oznacza inwestowanie w zasoby ludzkie, edukacj\u0119 spo\u0142eczn\u0105, ochron\u0119 \u015brodowiska, relacje z otoczeniem firmy. Informowanie o tych dzia\u0142aniach przyczynia si\u0119 do lepszego wizerunku przedsi\u0119biorstwa i wzrostu jego konkurencyjno\u015bci.<\/span><\/p><p class=\"font_7 wixui-rich-text__text\"><span class=\"wixui-rich-text__text\">Zamiast trwoni\u0107 pieni\u0105dze na reklam\u0119 zainwestuj je w zr\u00f3wnowa\u017cony rozw\u00f3j swojej firmy i pochwal si\u0119 tym przed \u015bwiatem. Pomo\u017cemy Ci opracowa\u0107 trafne strategie na rzecz lokalnych spo\u0142eczno\u015bci czy ochrony \u015brodowiska. W\u0142\u0105czymy si\u0119 w finansowanie tych dzia\u0142a\u0144 albo pozyskamy \u015brodki z zewn\u0119trznych \u017ar\u00f3de\u0142.<\/span><\/p>\t\t\t\t\t\t\t\t<\/div>\n\t\t\t\t<\/div>\n\t\t\t\t<\/div>\n\t\t<div class=\"elementor-element elementor-element-14336bc e-con-full e-flex e-con e-child\" data-id=\"14336bc\" data-element_type=\"container\" data-settings=\"{&quot;background_background&quot;:&quot;classic&quot;}\">\n\t\t\t\t<div class=\"elementor-element elementor-element-becd825 elementor-widget elementor-widget-image\" data-id=\"becd825\" data-element_type=\"widget\" data-widget_type=\"image.default\">\n\t\t\t\t<div class=\"elementor-widget-container\">\n\t\t\t\t\t\t\t\t\t\t\t\t\t\t\t<img decoding=\"async\" src=\"https:\/\/indrive.pl\/wp-content\/uploads\/elementor\/thumbs\/indrivetlo-qfe2dklcxni4w6tlacvfiv2vemkxxylkge0to2e4co.png\" title=\"indrivetlo\" alt=\"indrivetlo\" loading=\"lazy\" \/>\t\t\t\t\t\t\t\t\t\t\t\t\t\t\t<\/div>\n\t\t\t\t<\/div>\n\t\t\t\t<\/div>\n\t\t\t\t<\/div>\n\t\t\t\t<\/div>\n\t\t","protected":false},"excerpt":{"rendered":"<p>PROGRAM OPTYMALIZACJI FLOTY Nowoczesne technologie oraz odpowiednia analiza parametr\u00f3w jazdy dostarczanych przez zainstalowane w pojazdach urz\u0105dzenia pozwala obni\u017ca\u0107 spalanie i emisj\u0119 CO2 Twojej floty. Przeprowadzimy jej audyt, przeszkolimy Twoich kierowc\u00f3w, wesprzemy ich w procesie eliminowania z\u0142ych nawyk\u00f3w. Zorganizujemy dla nich program motywacyjny nagradzaj\u0105c ich zaanga\u017cowanie. To wszystko mo\u017cesz sfinansowa\u0107 z uzyskiwanych oszcz\u0119dno\u015bci \u2013&nbsp;bez uruchamiania dodatkowych [&hellip;]<\/p>\n","protected":false},"author":1,"featured_media":0,"parent":0,"menu_order":0,"comment_status":"closed","ping_status":"closed","template":"","meta":{"site-sidebar-layout":"no-sidebar","site-content-layout":"","ast-site-content-layout":"full-width-container","site-content-style":"default","site-sidebar-style":"default","ast-global-header-display":"","ast-banner-title-visibility":"","ast-main-header-display":"","ast-hfb-above-header-display":"","ast-hfb-below-header-display":"","ast-hfb-mobile-header-display":"","site-post-title":"disabled","ast-breadcrumbs-content":"","ast-featured-img":"disabled","footer-sml-layout":"","ast-disable-related-posts":"","theme-transparent-header-meta":"","adv-header-id-meta":"","stick-header-meta":"","header-above-stick-meta":"","header-main-stick-meta":"","header-below-stick-meta":"","astra-migrate-meta-layouts":"default","ast-page-background-enabled":"default","ast-page-background-meta":{"desktop":{"background-color":"var(--ast-global-color-4)","background-image":"","background-repeat":"repeat","background-position":"center center","background-size":"auto","background-attachment":"scroll","background-type":"","background-media":"","overlay-type":"","overlay-color":"","overlay-opacity":"","overlay-gradient":""},"tablet":{"background-color":"","background-image":"","background-repeat":"repeat","background-position":"center center","background-size":"auto","background-attachment":"scroll","background-type":"","background-media":"","overlay-type":"","overlay-color":"","overlay-opacity":"","overlay-gradient":""},"mobile":{"background-color":"","background-image":"","background-repeat":"repeat","background-position":"center center","background-size":"auto","background-attachment":"scroll","background-type":"","background-media":"","overlay-type":"","overlay-color":"","overlay-opacity":"","overlay-gradient":""}},"ast-content-background-meta":{"desktop":{"background-color":"var(--ast-global-color-5)","background-image":"","background-repeat":"repeat","background-position":"center center","background-size":"auto","background-attachment":"scroll","background-type":"","background-media":"","overlay-type":"","overlay-color":"","overlay-opacity":"","overlay-gradient":""},"tablet":{"background-color":"var(--ast-global-color-5)","background-image":"","background-repeat":"repeat","background-position":"center center","background-size":"auto","background-attachment":"scroll","background-type":"","background-media":"","overlay-type":"","overlay-color":"","overlay-opacity":"","overlay-gradient":""},"mobile":{"background-color":"var(--ast-global-color-5)","background-image":"","background-repeat":"repeat","background-position":"center center","background-size":"auto","background-attachment":"scroll","background-type":"","background-media":"","overlay-type":"","overlay-color":"","overlay-opacity":"","overlay-gradient":""}},"footnotes":""},"_links":{"self":[{"href":"https:\/\/indrive.pl\/index.php?rest_route=\/wp\/v2\/pages\/21"}],"collection":[{"href":"https:\/\/indrive.pl\/index.php?rest_route=\/wp\/v2\/pages"}],"about":[{"href":"https:\/\/indrive.pl\/index.php?rest_route=\/wp\/v2\/types\/page"}],"author":[{"embeddable":true,"href":"https:\/\/indrive.pl\/index.php?rest_route=\/wp\/v2\/users\/1"}],"replies":[{"embeddable":true,"href":"https:\/\/indrive.pl\/index.php?rest_route=%2Fwp%2Fv2%2Fcomments&post=21"}],"version-history":[{"count":73,"href":"https:\/\/indrive.pl\/index.php?rest_route=\/wp\/v2\/pages\/21\/revisions"}],"predecessor-version":[{"id":439,"href":"https:\/\/indrive.pl\/index.php?rest_route=\/wp\/v2\/pages\/21\/revisions\/439"}],"wp:attachment":[{"href":"https:\/\/indrive.pl\/index.php?rest_route=%2Fwp%2Fv2%2Fmedia&parent=21"}],"curies":[{"name":"wp","href":"https:\/\/api.w.org\/{rel}","templated":true}]}}